{"id":805,"date":"2020-11-10T13:22:17","date_gmt":"2020-11-10T12:22:17","guid":{"rendered":"http:\/\/cremering.eu\/?page_id=805"},"modified":"2020-11-12T13:34:28","modified_gmt":"2020-11-12T12:34:28","slug":"krysztaly-pamieci","status":"publish","type":"page","link":"https:\/\/cremering.pl\/?page_id=805","title":{"rendered":"Kryszta\u0142y pami\u0119ci"},"content":{"rendered":"\n<h2 class=\"wp-block-heading\">Kryszta\u0142y pami\u0119ci<\/h2>\n\n\n\n<p>Oferta dopasowana indywidualnie do Pa\u0144stwa \u017cyczenia.<br>Wykonanie kryszta\u0142u pami\u0119ci wg technologii czeskiej firmy MEMORY Crystal<br>Kontakt telefonicznie lub mailowo:<br>Pan Grzegorz Smykalla Tel. +48 606 132 555 E-mail: grzegorz.smykalla(at)gmail.com<\/p>\n\n\n\n<figure class=\"wp-block-gallery columns-3 wp-block-gallery-1 is-layout-flex wp-block-gallery-is-layout-flex\"><ul class=\"blocks-gallery-grid\"><li class=\"blocks-gallery-item\"><figure><img loading=\"lazy\" decoding=\"async\" width=\"480\" height=\"655\" src=\"http:\/\/cremering.eu\/wp-content\/uploads\/2020\/11\/krysztal-p.png\" alt=\"\" data-id=\"806\" data-full-url=\"http:\/\/cremering.eu\/wp-content\/uploads\/2020\/11\/krysztal-p.png\" data-link=\"http:\/\/cremering.eu\/?attachment_id=806\" class=\"wp-image-806\" srcset=\"https:\/\/cremering.pl\/wp-content\/uploads\/2020\/11\/krysztal-p.png 480w, https:\/\/cremering.pl\/wp-content\/uploads\/2020\/11\/krysztal-p-220x300.png 220w\" sizes=\"(max-width: 480px) 100vw, 480px\" \/><\/figure><\/li><li class=\"blocks-gallery-item\"><figure><img loading=\"lazy\" decoding=\"async\" width=\"338\" height=\"450\" src=\"http:\/\/cremering.eu\/wp-content\/uploads\/2020\/11\/krysztal-s.png\" alt=\"\" data-id=\"807\" data-full-url=\"http:\/\/cremering.eu\/wp-content\/uploads\/2020\/11\/krysztal-s.png\" data-link=\"http:\/\/cremering.eu\/?attachment_id=807\" class=\"wp-image-807\" srcset=\"https:\/\/cremering.pl\/wp-content\/uploads\/2020\/11\/krysztal-s.png 338w, https:\/\/cremering.pl\/wp-content\/uploads\/2020\/11\/krysztal-s-225x300.png 225w\" sizes=\"(max-width: 338px) 100vw, 338px\" \/><\/figure><\/li><li class=\"blocks-gallery-item\"><figure><img loading=\"lazy\" decoding=\"async\" width=\"480\" height=\"655\" src=\"http:\/\/cremering.eu\/wp-content\/uploads\/2020\/11\/krysztal-s1.png\" alt=\"\" data-id=\"808\" data-full-url=\"http:\/\/cremering.eu\/wp-content\/uploads\/2020\/11\/krysztal-s1.png\" data-link=\"http:\/\/cremering.eu\/?attachment_id=808\" class=\"wp-image-808\" srcset=\"https:\/\/cremering.pl\/wp-content\/uploads\/2020\/11\/krysztal-s1.png 480w, https:\/\/cremering.pl\/wp-content\/uploads\/2020\/11\/krysztal-s1-220x300.png 220w\" sizes=\"(max-width: 480px) 100vw, 480px\" \/><\/figure><\/li><li class=\"blocks-gallery-item\"><figure><img loading=\"lazy\" decoding=\"async\" width=\"480\" height=\"640\" src=\"http:\/\/cremering.eu\/wp-content\/uploads\/2020\/11\/krysztal-s2.png\" alt=\"\" data-id=\"809\" data-full-url=\"http:\/\/cremering.eu\/wp-content\/uploads\/2020\/11\/krysztal-s2.png\" data-link=\"http:\/\/cremering.eu\/?attachment_id=809\" class=\"wp-image-809\" srcset=\"https:\/\/cremering.pl\/wp-content\/uploads\/2020\/11\/krysztal-s2.png 480w, https:\/\/cremering.pl\/wp-content\/uploads\/2020\/11\/krysztal-s2-225x300.png 225w\" sizes=\"(max-width: 480px) 100vw, 480px\" \/><\/figure><\/li><li class=\"blocks-gallery-item\"><figure><img loading=\"lazy\" decoding=\"async\" width=\"480\" height=\"655\" src=\"http:\/\/cremering.eu\/wp-content\/uploads\/2020\/11\/krysztal-w1.png\" alt=\"\" data-id=\"810\" data-full-url=\"http:\/\/cremering.eu\/wp-content\/uploads\/2020\/11\/krysztal-w1.png\" data-link=\"http:\/\/cremering.eu\/?attachment_id=810\" class=\"wp-image-810\" srcset=\"https:\/\/cremering.pl\/wp-content\/uploads\/2020\/11\/krysztal-w1.png 480w, https:\/\/cremering.pl\/wp-content\/uploads\/2020\/11\/krysztal-w1-220x300.png 220w\" sizes=\"(max-width: 480px) 100vw, 480px\" \/><\/figure><\/li><li class=\"blocks-gallery-item\"><figure><img loading=\"lazy\" decoding=\"async\" width=\"480\" height=\"655\" src=\"http:\/\/cremering.eu\/wp-content\/uploads\/2020\/11\/krysztal-w2.png\" alt=\"\" data-id=\"811\" data-full-url=\"http:\/\/cremering.eu\/wp-content\/uploads\/2020\/11\/krysztal-w2.png\" data-link=\"http:\/\/cremering.eu\/?attachment_id=811\" class=\"wp-image-811\" srcset=\"https:\/\/cremering.pl\/wp-content\/uploads\/2020\/11\/krysztal-w2.png 480w, https:\/\/cremering.pl\/wp-content\/uploads\/2020\/11\/krysztal-w2-220x300.png 220w\" sizes=\"(max-width: 480px) 100vw, 480px\" \/><\/figure><\/li><\/ul><\/figure>\n","protected":false},"excerpt":{"rendered":"<p>Kryszta\u0142y pami\u0119ci Oferta dopasowana indywidualnie do Pa\u0144stwa \u017cyczenia.Wykonanie kryszta\u0142u pami\u0119ci wg technologii czeskiej firmy MEMORY CrystalKontakt telefonicznie lub mailowo:Pan Grzegorz Smykalla Tel. +48 606 132 555 E-mail: grzegorz.smykalla(at)gmail.com<\/p>\n","protected":false},"author":1,"featured_media":0,"parent":0,"menu_order":0,"comment_status":"closed","ping_status":"closed","template":"","meta":{"sfsi_plus_gutenberg_text_before_share":"","sfsi_plus_gutenberg_show_text_before_share":"","sfsi_plus_gutenberg_icon_type":"","sfsi_plus_gutenberg_icon_alignemt":"","sfsi_plus_gutenburg_max_per_row":"","footnotes":""},"yoast_head":"<!-- This site is optimized with the Yoast SEO plugin v15.7 - https:\/\/yoast.com\/wordpress\/plugins\/seo\/ -->\n<title>Kryszta\u0142y pami\u0119ci - Krematorium<\/title>\n<meta name=\"robots\" content=\"index, follow, max-snippet:-1, max-image-preview:large, max-video-preview:-1\" \/>\n<link rel=\"canonical\" href=\"https:\/\/cremering.pl\/?page_id=805\" \/>\n<meta property=\"og:locale\" content=\"pl_PL\" \/>\n<meta property=\"og:type\" content=\"article\" \/>\n<meta property=\"og:title\" content=\"Kryszta\u0142y pami\u0119ci - Krematorium\" \/>\n<meta property=\"og:description\" content=\"Kryszta\u0142y pami\u0119ci Oferta dopasowana indywidualnie do Pa\u0144stwa \u017cyczenia.Wykonanie kryszta\u0142u pami\u0119ci wg technologii czeskiej firmy MEMORY CrystalKontakt telefonicznie lub mailowo:Pan Grzegorz Smykalla Tel. +48 606 132 555 E-mail: grzegorz.smykalla(at)gmail.com\" \/>\n<meta property=\"og:url\" content=\"https:\/\/cremering.pl\/?page_id=805\" \/>\n<meta property=\"og:site_name\" content=\"Krematorium\" \/>\n<meta property=\"article:modified_time\" content=\"2020-11-12T12:34:28+00:00\" \/>\n<meta property=\"og:image\" content=\"http:\/\/cremering.eu\/wp-content\/uploads\/2020\/11\/krysztal-p.png\" \/>\n<meta name=\"twitter:card\" content=\"summary_large_image\" \/>\n<script type=\"application\/ld+json\" class=\"yoast-schema-graph\">{\"@context\":\"https:\/\/schema.org\",\"@graph\":[{\"@type\":\"WebSite\",\"@id\":\"https:\/\/cremering.pl\/#website\",\"url\":\"https:\/\/cremering.pl\/\",\"name\":\"Krematorium\",\"description\":\"w G\\u0142ogowie\",\"potentialAction\":[{\"@type\":\"SearchAction\",\"target\":\"https:\/\/cremering.pl\/?s={search_term_string}\",\"query-input\":\"required name=search_term_string\"}],\"inLanguage\":\"pl-PL\"},{\"@type\":\"ImageObject\",\"@id\":\"https:\/\/cremering.pl\/?page_id=805#primaryimage\",\"inLanguage\":\"pl-PL\",\"url\":\"http:\/\/cremering.eu\/wp-content\/uploads\/2020\/11\/krysztal-p.png\"},{\"@type\":\"WebPage\",\"@id\":\"https:\/\/cremering.pl\/?page_id=805#webpage\",\"url\":\"https:\/\/cremering.pl\/?page_id=805\",\"name\":\"Kryszta\\u0142y pami\\u0119ci - Krematorium\",\"isPartOf\":{\"@id\":\"https:\/\/cremering.pl\/#website\"},\"primaryImageOfPage\":{\"@id\":\"https:\/\/cremering.pl\/?page_id=805#primaryimage\"},\"datePublished\":\"2020-11-10T12:22:17+00:00\",\"dateModified\":\"2020-11-12T12:34:28+00:00\",\"inLanguage\":\"pl-PL\",\"potentialAction\":[{\"@type\":\"ReadAction\",\"target\":[\"https:\/\/cremering.pl\/?page_id=805\"]}]}]}<\/script>\n<!-- \/ Yoast SEO plugin. -->","_links":{"self":[{"href":"https:\/\/cremering.pl\/index.php?rest_route=\/wp\/v2\/pages\/805"}],"collection":[{"href":"https:\/\/cremering.pl\/index.php?rest_route=\/wp\/v2\/pages"}],"about":[{"href":"https:\/\/cremering.pl\/index.php?rest_route=\/wp\/v2\/types\/page"}],"author":[{"embeddable":true,"href":"https:\/\/cremering.pl\/index.php?rest_route=\/wp\/v2\/users\/1"}],"replies":[{"embeddable":true,"href":"https:\/\/cremering.pl\/index.php?rest_route=%2Fwp%2Fv2%2Fcomments&post=805"}],"version-history":[{"count":3,"href":"https:\/\/cremering.pl\/index.php?rest_route=\/wp\/v2\/pages\/805\/revisions"}],"predecessor-version":[{"id":847,"href":"https:\/\/cremering.pl\/index.php?rest_route=\/wp\/v2\/pages\/805\/revisions\/847"}],"wp:attachment":[{"href":"https:\/\/cremering.pl\/index.php?rest_route=%2Fwp%2Fv2%2Fmedia&parent=805"}],"curies":[{"name":"wp","href":"https:\/\/api.w.org\/{rel}","templated":true}]}}