{"id":442,"date":"2020-11-09T10:29:12","date_gmt":"2020-11-09T09:29:12","guid":{"rendered":"http:\/\/cremering.eu\/?page_id=442"},"modified":"2020-11-09T17:22:09","modified_gmt":"2020-11-09T16:22:09","slug":"urny-ceramiczne","status":"publish","type":"page","link":"https:\/\/cremering.pl\/?page_id=442","title":{"rendered":"Urny ceramiczne"},"content":{"rendered":"\n<h2 class=\"wp-block-heading\">Urny ceramiczne<\/h2>\n\n\n\n<p>Oferta przygotowana przy wsp\u00f3\u0142pracy z firm\u0105 R.Sadowski.<br>\u0179r\u00f3d\u0142o zdj\u0119\u0107: www.rsadowski.pl<\/p>\n\n\n\n<figure class=\"wp-block-gallery columns-4 is-cropped wp-block-gallery-1 is-layout-flex wp-block-gallery-is-layout-flex\"><ul class=\"blocks-gallery-grid\"><li class=\"blocks-gallery-item\"><figure><img loading=\"lazy\" decoding=\"async\" width=\"480\" height=\"655\" src=\"http:\/\/cremering.eu\/wp-content\/uploads\/2020\/11\/cd-1-2.png\" alt=\"\" data-id=\"572\" data-full-url=\"http:\/\/cremering.eu\/wp-content\/uploads\/2020\/11\/cd-1-2.png\" data-link=\"http:\/\/cremering.eu\/urny-ceramiczne\/cd-1-2-2\/\" class=\"wp-image-572\" srcset=\"https:\/\/cremering.pl\/wp-content\/uploads\/2020\/11\/cd-1-2.png 480w, https:\/\/cremering.pl\/wp-content\/uploads\/2020\/11\/cd-1-2-220x300.png 220w\" sizes=\"(max-width: 480px) 100vw, 480px\" \/><figcaption class=\"blocks-gallery-item__caption\">CD-1<\/figcaption><\/figure><\/li><li class=\"blocks-gallery-item\"><figure><img loading=\"lazy\" decoding=\"async\" width=\"480\" height=\"654\" src=\"http:\/\/cremering.eu\/wp-content\/uploads\/2020\/11\/cd-1a-2.png\" alt=\"\" data-id=\"573\" data-full-url=\"http:\/\/cremering.eu\/wp-content\/uploads\/2020\/11\/cd-1a-2.png\" data-link=\"http:\/\/cremering.eu\/urny-ceramiczne\/cd-1a-2-2\/\" class=\"wp-image-573\" srcset=\"https:\/\/cremering.pl\/wp-content\/uploads\/2020\/11\/cd-1a-2.png 480w, https:\/\/cremering.pl\/wp-content\/uploads\/2020\/11\/cd-1a-2-220x300.png 220w\" sizes=\"(max-width: 480px) 100vw, 480px\" \/><figcaption class=\"blocks-gallery-item__caption\">CD-1A<\/figcaption><\/figure><\/li><li class=\"blocks-gallery-item\"><figure><img loading=\"lazy\" decoding=\"async\" width=\"480\" height=\"655\" src=\"http:\/\/cremering.eu\/wp-content\/uploads\/2020\/11\/cd-2-2.png\" alt=\"\" data-id=\"574\" data-full-url=\"http:\/\/cremering.eu\/wp-content\/uploads\/2020\/11\/cd-2-2.png\" data-link=\"http:\/\/cremering.eu\/urny-ceramiczne\/cd-2-2-2\/\" class=\"wp-image-574\" srcset=\"https:\/\/cremering.pl\/wp-content\/uploads\/2020\/11\/cd-2-2.png 480w, https:\/\/cremering.pl\/wp-content\/uploads\/2020\/11\/cd-2-2-220x300.png 220w\" sizes=\"(max-width: 480px) 100vw, 480px\" \/><figcaption class=\"blocks-gallery-item__caption\">CD-2<\/figcaption><\/figure><\/li><li class=\"blocks-gallery-item\"><figure><img loading=\"lazy\" decoding=\"async\" width=\"480\" height=\"655\" src=\"http:\/\/cremering.eu\/wp-content\/uploads\/2020\/11\/cd-2a-2.png\" alt=\"\" data-id=\"575\" data-full-url=\"http:\/\/cremering.eu\/wp-content\/uploads\/2020\/11\/cd-2a-2.png\" data-link=\"http:\/\/cremering.eu\/urny-ceramiczne\/cd-2a-2-2\/\" class=\"wp-image-575\" srcset=\"https:\/\/cremering.pl\/wp-content\/uploads\/2020\/11\/cd-2a-2.png 480w, https:\/\/cremering.pl\/wp-content\/uploads\/2020\/11\/cd-2a-2-220x300.png 220w\" sizes=\"(max-width: 480px) 100vw, 480px\" \/><figcaption class=\"blocks-gallery-item__caption\">CD-2A<\/figcaption><\/figure><\/li><li class=\"blocks-gallery-item\"><figure><img loading=\"lazy\" decoding=\"async\" width=\"480\" height=\"655\" src=\"http:\/\/cremering.eu\/wp-content\/uploads\/2020\/11\/cd-4-2.png\" alt=\"\" data-id=\"576\" data-full-url=\"http:\/\/cremering.eu\/wp-content\/uploads\/2020\/11\/cd-4-2.png\" data-link=\"http:\/\/cremering.eu\/urny-ceramiczne\/cd-4-2-2\/\" class=\"wp-image-576\" srcset=\"https:\/\/cremering.pl\/wp-content\/uploads\/2020\/11\/cd-4-2.png 480w, https:\/\/cremering.pl\/wp-content\/uploads\/2020\/11\/cd-4-2-220x300.png 220w\" sizes=\"(max-width: 480px) 100vw, 480px\" \/><figcaption class=\"blocks-gallery-item__caption\">CD-4<\/figcaption><\/figure><\/li><li class=\"blocks-gallery-item\"><figure><img loading=\"lazy\" decoding=\"async\" width=\"480\" height=\"656\" src=\"http:\/\/cremering.eu\/wp-content\/uploads\/2020\/11\/cd-4a-2.png\" alt=\"\" data-id=\"577\" data-full-url=\"http:\/\/cremering.eu\/wp-content\/uploads\/2020\/11\/cd-4a-2.png\" data-link=\"http:\/\/cremering.eu\/urny-ceramiczne\/cd-4a-2-2\/\" class=\"wp-image-577\" srcset=\"https:\/\/cremering.pl\/wp-content\/uploads\/2020\/11\/cd-4a-2.png 480w, https:\/\/cremering.pl\/wp-content\/uploads\/2020\/11\/cd-4a-2-220x300.png 220w\" sizes=\"(max-width: 480px) 100vw, 480px\" \/><figcaption class=\"blocks-gallery-item__caption\">CD-4A<\/figcaption><\/figure><\/li><li class=\"blocks-gallery-item\"><figure><img loading=\"lazy\" decoding=\"async\" width=\"480\" height=\"655\" src=\"http:\/\/cremering.eu\/wp-content\/uploads\/2020\/11\/ck-9-2.png\" alt=\"\" data-id=\"579\" data-full-url=\"http:\/\/cremering.eu\/wp-content\/uploads\/2020\/11\/ck-9-2.png\" data-link=\"http:\/\/cremering.eu\/urny-ceramiczne\/ck-9-2-2\/\" class=\"wp-image-579\" srcset=\"https:\/\/cremering.pl\/wp-content\/uploads\/2020\/11\/ck-9-2.png 480w, https:\/\/cremering.pl\/wp-content\/uploads\/2020\/11\/ck-9-2-220x300.png 220w\" sizes=\"(max-width: 480px) 100vw, 480px\" \/><figcaption class=\"blocks-gallery-item__caption\">CK-9<\/figcaption><\/figure><\/li><li class=\"blocks-gallery-item\"><figure><img loading=\"lazy\" decoding=\"async\" width=\"480\" height=\"655\" src=\"http:\/\/cremering.eu\/wp-content\/uploads\/2020\/11\/ck-11-2.png\" alt=\"\" data-id=\"581\" data-full-url=\"http:\/\/cremering.eu\/wp-content\/uploads\/2020\/11\/ck-11-2.png\" data-link=\"http:\/\/cremering.eu\/urny-ceramiczne\/ck-11-2-2\/\" class=\"wp-image-581\" srcset=\"https:\/\/cremering.pl\/wp-content\/uploads\/2020\/11\/ck-11-2.png 480w, https:\/\/cremering.pl\/wp-content\/uploads\/2020\/11\/ck-11-2-220x300.png 220w\" sizes=\"(max-width: 480px) 100vw, 480px\" \/><figcaption class=\"blocks-gallery-item__caption\">CK-11<\/figcaption><\/figure><\/li><li class=\"blocks-gallery-item\"><figure><img loading=\"lazy\" decoding=\"async\" width=\"480\" height=\"655\" src=\"http:\/\/cremering.eu\/wp-content\/uploads\/2020\/11\/cn-5-2.png\" alt=\"\" data-id=\"582\" data-full-url=\"http:\/\/cremering.eu\/wp-content\/uploads\/2020\/11\/cn-5-2.png\" data-link=\"http:\/\/cremering.eu\/urny-ceramiczne\/cn-5-2-2\/\" class=\"wp-image-582\" srcset=\"https:\/\/cremering.pl\/wp-content\/uploads\/2020\/11\/cn-5-2.png 480w, https:\/\/cremering.pl\/wp-content\/uploads\/2020\/11\/cn-5-2-220x300.png 220w\" sizes=\"(max-width: 480px) 100vw, 480px\" \/><figcaption class=\"blocks-gallery-item__caption\">CN-5<\/figcaption><\/figure><\/li><li class=\"blocks-gallery-item\"><figure><img loading=\"lazy\" decoding=\"async\" width=\"480\" height=\"655\" src=\"http:\/\/cremering.eu\/wp-content\/uploads\/2020\/11\/cn-6-2.png\" alt=\"\" data-id=\"583\" data-full-url=\"http:\/\/cremering.eu\/wp-content\/uploads\/2020\/11\/cn-6-2.png\" data-link=\"http:\/\/cremering.eu\/urny-ceramiczne\/cn-6-2-2\/\" class=\"wp-image-583\" srcset=\"https:\/\/cremering.pl\/wp-content\/uploads\/2020\/11\/cn-6-2.png 480w, https:\/\/cremering.pl\/wp-content\/uploads\/2020\/11\/cn-6-2-220x300.png 220w\" sizes=\"(max-width: 480px) 100vw, 480px\" \/><figcaption class=\"blocks-gallery-item__caption\">CN-6<\/figcaption><\/figure><\/li><li class=\"blocks-gallery-item\"><figure><img loading=\"lazy\" decoding=\"async\" width=\"480\" height=\"656\" src=\"http:\/\/cremering.eu\/wp-content\/uploads\/2020\/11\/cp-12-2.png\" alt=\"\" data-id=\"584\" data-full-url=\"http:\/\/cremering.eu\/wp-content\/uploads\/2020\/11\/cp-12-2.png\" data-link=\"http:\/\/cremering.eu\/urny-ceramiczne\/cp-12-2-2\/\" class=\"wp-image-584\" srcset=\"https:\/\/cremering.pl\/wp-content\/uploads\/2020\/11\/cp-12-2.png 480w, https:\/\/cremering.pl\/wp-content\/uploads\/2020\/11\/cp-12-2-220x300.png 220w\" sizes=\"(max-width: 480px) 100vw, 480px\" \/><figcaption class=\"blocks-gallery-item__caption\">CP-12<\/figcaption><\/figure><\/li><li class=\"blocks-gallery-item\"><figure><img loading=\"lazy\" decoding=\"async\" width=\"480\" height=\"656\" src=\"http:\/\/cremering.eu\/wp-content\/uploads\/2020\/11\/cp-13-2.png\" alt=\"\" data-id=\"585\" data-full-url=\"http:\/\/cremering.eu\/wp-content\/uploads\/2020\/11\/cp-13-2.png\" data-link=\"http:\/\/cremering.eu\/urny-ceramiczne\/cp-13-2-2\/\" class=\"wp-image-585\" srcset=\"https:\/\/cremering.pl\/wp-content\/uploads\/2020\/11\/cp-13-2.png 480w, https:\/\/cremering.pl\/wp-content\/uploads\/2020\/11\/cp-13-2-220x300.png 220w\" sizes=\"(max-width: 480px) 100vw, 480px\" \/><figcaption class=\"blocks-gallery-item__caption\">CP-13<\/figcaption><\/figure><\/li><\/ul><\/figure>\n","protected":false},"excerpt":{"rendered":"<p>Urny ceramiczne Oferta przygotowana przy wsp\u00f3\u0142pracy z firm\u0105 R.Sadowski.\u0179r\u00f3d\u0142o zdj\u0119\u0107: www.rsadowski.pl<\/p>\n","protected":false},"author":1,"featured_media":0,"parent":0,"menu_order":0,"comment_status":"closed","ping_status":"closed","template":"","meta":{"sfsi_plus_gutenberg_text_before_share":"","sfsi_plus_gutenberg_show_text_before_share":"","sfsi_plus_gutenberg_icon_type":"","sfsi_plus_gutenberg_icon_alignemt":"","sfsi_plus_gutenburg_max_per_row":"","footnotes":""},"yoast_head":"<!-- This site is optimized with the Yoast SEO plugin v15.7 - https:\/\/yoast.com\/wordpress\/plugins\/seo\/ -->\n<title>Urny ceramiczne - Krematorium<\/title>\n<meta name=\"robots\" content=\"index, follow, max-snippet:-1, max-image-preview:large, max-video-preview:-1\" \/>\n<link rel=\"canonical\" href=\"https:\/\/cremering.pl\/?page_id=442\" \/>\n<meta property=\"og:locale\" content=\"pl_PL\" \/>\n<meta property=\"og:type\" content=\"article\" \/>\n<meta property=\"og:title\" content=\"Urny ceramiczne - Krematorium\" \/>\n<meta property=\"og:description\" content=\"Urny ceramiczne Oferta przygotowana przy wsp\u00f3\u0142pracy z firm\u0105 R.Sadowski.\u0179r\u00f3d\u0142o zdj\u0119\u0107: www.rsadowski.pl\" \/>\n<meta property=\"og:url\" content=\"https:\/\/cremering.pl\/?page_id=442\" \/>\n<meta property=\"og:site_name\" content=\"Krematorium\" \/>\n<meta property=\"article:modified_time\" content=\"2020-11-09T16:22:09+00:00\" \/>\n<meta property=\"og:image\" content=\"http:\/\/cremering.eu\/wp-content\/uploads\/2020\/11\/cd-1-2.png\" \/>\n<meta name=\"twitter:card\" content=\"summary_large_image\" \/>\n<script type=\"application\/ld+json\" class=\"yoast-schema-graph\">{\"@context\":\"https:\/\/schema.org\",\"@graph\":[{\"@type\":\"WebSite\",\"@id\":\"https:\/\/cremering.pl\/#website\",\"url\":\"https:\/\/cremering.pl\/\",\"name\":\"Krematorium\",\"description\":\"w G\\u0142ogowie\",\"potentialAction\":[{\"@type\":\"SearchAction\",\"target\":\"https:\/\/cremering.pl\/?s={search_term_string}\",\"query-input\":\"required name=search_term_string\"}],\"inLanguage\":\"pl-PL\"},{\"@type\":\"ImageObject\",\"@id\":\"https:\/\/cremering.pl\/?page_id=442#primaryimage\",\"inLanguage\":\"pl-PL\",\"url\":\"http:\/\/cremering.eu\/wp-content\/uploads\/2020\/11\/cd-1-2.png\"},{\"@type\":\"WebPage\",\"@id\":\"https:\/\/cremering.pl\/?page_id=442#webpage\",\"url\":\"https:\/\/cremering.pl\/?page_id=442\",\"name\":\"Urny ceramiczne - Krematorium\",\"isPartOf\":{\"@id\":\"https:\/\/cremering.pl\/#website\"},\"primaryImageOfPage\":{\"@id\":\"https:\/\/cremering.pl\/?page_id=442#primaryimage\"},\"datePublished\":\"2020-11-09T09:29:12+00:00\",\"dateModified\":\"2020-11-09T16:22:09+00:00\",\"inLanguage\":\"pl-PL\",\"potentialAction\":[{\"@type\":\"ReadAction\",\"target\":[\"https:\/\/cremering.pl\/?page_id=442\"]}]}]}<\/script>\n<!-- \/ Yoast SEO plugin. -->","_links":{"self":[{"href":"https:\/\/cremering.pl\/index.php?rest_route=\/wp\/v2\/pages\/442"}],"collection":[{"href":"https:\/\/cremering.pl\/index.php?rest_route=\/wp\/v2\/pages"}],"about":[{"href":"https:\/\/cremering.pl\/index.php?rest_route=\/wp\/v2\/types\/page"}],"author":[{"embeddable":true,"href":"https:\/\/cremering.pl\/index.php?rest_route=\/wp\/v2\/users\/1"}],"replies":[{"embeddable":true,"href":"https:\/\/cremering.pl\/index.php?rest_route=%2Fwp%2Fv2%2Fcomments&post=442"}],"version-history":[{"count":7,"href":"https:\/\/cremering.pl\/index.php?rest_route=\/wp\/v2\/pages\/442\/revisions"}],"predecessor-version":[{"id":637,"href":"https:\/\/cremering.pl\/index.php?rest_route=\/wp\/v2\/pages\/442\/revisions\/637"}],"wp:attachment":[{"href":"https:\/\/cremering.pl\/index.php?rest_route=%2Fwp%2Fv2%2Fmedia&parent=442"}],"curies":[{"name":"wp","href":"https:\/\/api.w.org\/{rel}","templated":true}]}}