{"id":293,"date":"2020-11-05T11:00:30","date_gmt":"2020-11-05T10:00:30","guid":{"rendered":"http:\/\/cremering.eu\/?page_id=293"},"modified":"2020-11-05T11:20:21","modified_gmt":"2020-11-05T10:20:21","slug":"cokoly-na-urny","status":"publish","type":"page","link":"https:\/\/cremering.pl\/?page_id=293","title":{"rendered":"Coko\u0142y na urny"},"content":{"rendered":"\n<h2 class=\"wp-block-heading\">Coko\u0142y na urny<\/h2>\n\n\n\n<div class=\"wp-block-media-text alignwide is-stacked-on-mobile is-vertically-aligned-top\" style=\"grid-template-columns:15% auto\"><figure class=\"wp-block-media-text__media\"><img loading=\"lazy\" decoding=\"async\" width=\"228\" height=\"306\" src=\"http:\/\/cremering.eu\/wp-content\/uploads\/2020\/11\/cokol1.png\" alt=\"\" class=\"wp-image-294\" srcset=\"https:\/\/cremering.pl\/wp-content\/uploads\/2020\/11\/cokol1.png 228w, https:\/\/cremering.pl\/wp-content\/uploads\/2020\/11\/cokol1-224x300.png 224w\" sizes=\"(max-width: 228px) 100vw, 228px\" \/><\/figure><div class=\"wp-block-media-text__content\">\n<p>Cok\u00f3\u0142 na urny jest nowoczesnym systemem pogrzebowym z wysokogatunkowych materia\u0142\u00f3w, wykonanym w tradycyjny spos\u00f3b. Sk\u0142ada si\u0119 z modu\u0142\u00f3w wykonanych w granicie, kt\u00f3re wsp\u00f3lnie tworz\u0105 jednolity gr\u00f3b. W \u015brodku znajduje si\u0119 pusta przestrze\u0144, do kt\u00f3rej mo\u017cna w\u0142o\u017cy\u0107 urny.<br>System pozwala zar\u00f3wno na grzebanie w urnach ekologicznych, jak i zwyk\u0142ych urnach dost\u0119pnych w sprzeda\u017cy. W przypadku urn zwyk\u0142ych, s\u0105 one zawieszane w systemie za pomoc\u0105 siatki podtrzymuj\u0105cej, natomiast urny ekologiczne s\u0105 ustawiane w specjalnie przygotowanym fundamencie coko\u0142u urny.<\/p>\n<\/div><\/div>\n\n\n\n<p><\/p>\n\n\n\n<p>Zalety: Minimalne zapotrzebowanie na miejsce, niedu\u017ce koszty utrzymania, niska cena zakupu<br>ca\u0142oroczna mo\u017cliwo\u015b\u0107 poch\u00f3wku, du\u017ca pojemno\u015b\u0107 grobu, nadziemny i podziemny spos\u00f3b<br>poch\u00f3wku, przy wykorzystaniu dotychczasowego miejsca na cmentarzu (likwidacja grobu)<br>mo\u017cliwo\u015b\u0107 do rozbudowy na 3 s\u0142upki czyli 18 urn docelowo, przyjazny dla \u015brodowiska<\/p>\n\n\n\n<p>Coko\u0142y na urny s\u0105 systemem pogrzebowym chronionym patentem<br>European Paten No.2194215 | US Paten No. 7,987,564 | Canadian Patent No. 2,686,647<\/p>\n\n\n\n<p>Kliknij po ulotk\u0119 informacyjn\u0105<\/p>\n\n\n\n<figure class=\"wp-block-gallery columns-3 is-cropped wp-block-gallery-1 is-layout-flex wp-block-gallery-is-layout-flex\"><ul class=\"blocks-gallery-grid\"><li class=\"blocks-gallery-item\"><figure><img loading=\"lazy\" decoding=\"async\" width=\"230\" height=\"306\" src=\"http:\/\/cremering.eu\/wp-content\/uploads\/2020\/11\/montaz.png\" alt=\"\" data-id=\"296\" data-full-url=\"http:\/\/cremering.eu\/wp-content\/uploads\/2020\/11\/montaz.png\" data-link=\"http:\/\/cremering.eu\/cokoly-na-urny\/montaz\/\" class=\"wp-image-296\" srcset=\"https:\/\/cremering.pl\/wp-content\/uploads\/2020\/11\/montaz.png 230w, https:\/\/cremering.pl\/wp-content\/uploads\/2020\/11\/montaz-225x300.png 225w\" sizes=\"(max-width: 230px) 100vw, 230px\" \/><figcaption class=\"blocks-gallery-item__caption\">Spos\u00f3b monta\u017cu<\/figcaption><\/figure><\/li><li class=\"blocks-gallery-item\"><figure><img loading=\"lazy\" decoding=\"async\" width=\"229\" height=\"306\" src=\"http:\/\/cremering.eu\/wp-content\/uploads\/2020\/11\/montaz2.png\" alt=\"\" data-id=\"297\" data-full-url=\"http:\/\/cremering.eu\/wp-content\/uploads\/2020\/11\/montaz2.png\" data-link=\"http:\/\/cremering.eu\/cokoly-na-urny\/montaz2\/\" class=\"wp-image-297\" srcset=\"https:\/\/cremering.pl\/wp-content\/uploads\/2020\/11\/montaz2.png 229w, https:\/\/cremering.pl\/wp-content\/uploads\/2020\/11\/montaz2-225x300.png 225w\" sizes=\"(max-width: 229px) 100vw, 229px\" \/><figcaption class=\"blocks-gallery-item__caption\">Spos\u00f3b monta\u017cu<\/figcaption><\/figure><\/li><li class=\"blocks-gallery-item\"><figure><img loading=\"lazy\" decoding=\"async\" width=\"201\" height=\"306\" src=\"http:\/\/cremering.eu\/wp-content\/uploads\/2020\/11\/cokol2.png\" alt=\"\" data-id=\"295\" data-full-url=\"http:\/\/cremering.eu\/wp-content\/uploads\/2020\/11\/cokol2.png\" data-link=\"http:\/\/cremering.eu\/cokoly-na-urny\/cokol2\/\" class=\"wp-image-295\" srcset=\"https:\/\/cremering.pl\/wp-content\/uploads\/2020\/11\/cokol2.png 201w, https:\/\/cremering.pl\/wp-content\/uploads\/2020\/11\/cokol2-197x300.png 197w\" sizes=\"(max-width: 201px) 100vw, 201px\" \/><figcaption class=\"blocks-gallery-item__caption\">Wprowadzanie urny do coko\u0142u<\/figcaption><\/figure><\/li><\/ul><\/figure>\n\n\n\n<figure class=\"wp-block-gallery columns-1 is-cropped wp-block-gallery-2 is-layout-flex wp-block-gallery-is-layout-flex\"><ul class=\"blocks-gallery-grid\"><li class=\"blocks-gallery-item\"><figure><img loading=\"lazy\" decoding=\"async\" width=\"400\" height=\"296\" src=\"http:\/\/cremering.eu\/wp-content\/uploads\/2020\/11\/rozbudowa.png\" alt=\"\" data-id=\"298\" data-full-url=\"http:\/\/cremering.eu\/wp-content\/uploads\/2020\/11\/rozbudowa.png\" data-link=\"http:\/\/cremering.eu\/?attachment_id=298\" class=\"wp-image-298\" srcset=\"https:\/\/cremering.pl\/wp-content\/uploads\/2020\/11\/rozbudowa.png 400w, https:\/\/cremering.pl\/wp-content\/uploads\/2020\/11\/rozbudowa-300x222.png 300w\" sizes=\"(max-width: 400px) 100vw, 400px\" \/><figcaption class=\"blocks-gallery-item__caption\">Spos\u00f3b rozbudowy<\/figcaption><\/figure><\/li><\/ul><\/figure>\n","protected":false},"excerpt":{"rendered":"<p>Coko\u0142y na urny Cok\u00f3\u0142 na urny jest nowoczesnym systemem pogrzebowym z wysokogatunkowych materia\u0142\u00f3w, wykonanym w tradycyjny spos\u00f3b. Sk\u0142ada si\u0119 z modu\u0142\u00f3w wykonanych w granicie, kt\u00f3re wsp\u00f3lnie tworz\u0105 jednolity gr\u00f3b. W \u015brodku znajduje si\u0119 pusta przestrze\u0144, do kt\u00f3rej mo\u017cna w\u0142o\u017cy\u0107 urny.System pozwala zar\u00f3wno na grzebanie w urnach ekologicznych, jak i zwyk\u0142ych urnach dost\u0119pnych w sprzeda\u017cy. W [&hellip;]<\/p>\n","protected":false},"author":1,"featured_media":0,"parent":0,"menu_order":0,"comment_status":"closed","ping_status":"closed","template":"","meta":{"sfsi_plus_gutenberg_text_before_share":"","sfsi_plus_gutenberg_show_text_before_share":"","sfsi_plus_gutenberg_icon_type":"","sfsi_plus_gutenberg_icon_alignemt":"","sfsi_plus_gutenburg_max_per_row":"","footnotes":""},"yoast_head":"<!-- This site is optimized with the Yoast SEO plugin v15.7 - https:\/\/yoast.com\/wordpress\/plugins\/seo\/ -->\n<title>Coko\u0142y na urny - Krematorium<\/title>\n<meta name=\"robots\" content=\"index, follow, max-snippet:-1, max-image-preview:large, max-video-preview:-1\" \/>\n<link rel=\"canonical\" href=\"https:\/\/cremering.pl\/?page_id=293\" \/>\n<meta property=\"og:locale\" content=\"pl_PL\" \/>\n<meta property=\"og:type\" content=\"article\" \/>\n<meta property=\"og:title\" content=\"Coko\u0142y na urny - Krematorium\" \/>\n<meta property=\"og:description\" content=\"Coko\u0142y na urny Cok\u00f3\u0142 na urny jest nowoczesnym systemem pogrzebowym z wysokogatunkowych materia\u0142\u00f3w, wykonanym w tradycyjny spos\u00f3b. Sk\u0142ada si\u0119 z modu\u0142\u00f3w wykonanych w granicie, kt\u00f3re wsp\u00f3lnie tworz\u0105 jednolity gr\u00f3b. W \u015brodku znajduje si\u0119 pusta przestrze\u0144, do kt\u00f3rej mo\u017cna w\u0142o\u017cy\u0107 urny.System pozwala zar\u00f3wno na grzebanie w urnach ekologicznych, jak i zwyk\u0142ych urnach dost\u0119pnych w sprzeda\u017cy. W [&hellip;]\" \/>\n<meta property=\"og:url\" content=\"https:\/\/cremering.pl\/?page_id=293\" \/>\n<meta property=\"og:site_name\" content=\"Krematorium\" \/>\n<meta property=\"article:modified_time\" content=\"2020-11-05T10:20:21+00:00\" \/>\n<meta property=\"og:image\" content=\"http:\/\/cremering.eu\/wp-content\/uploads\/2020\/11\/cokol1.png\" \/>\n<meta name=\"twitter:card\" content=\"summary_large_image\" \/>\n<meta name=\"twitter:label1\" content=\"Est. reading time\">\n\t<meta name=\"twitter:data1\" content=\"1 minuta\">\n<script type=\"application\/ld+json\" class=\"yoast-schema-graph\">{\"@context\":\"https:\/\/schema.org\",\"@graph\":[{\"@type\":\"WebSite\",\"@id\":\"https:\/\/cremering.pl\/#website\",\"url\":\"https:\/\/cremering.pl\/\",\"name\":\"Krematorium\",\"description\":\"w G\\u0142ogowie\",\"potentialAction\":[{\"@type\":\"SearchAction\",\"target\":\"https:\/\/cremering.pl\/?s={search_term_string}\",\"query-input\":\"required name=search_term_string\"}],\"inLanguage\":\"pl-PL\"},{\"@type\":\"ImageObject\",\"@id\":\"https:\/\/cremering.pl\/?page_id=293#primaryimage\",\"inLanguage\":\"pl-PL\",\"url\":\"http:\/\/cremering.eu\/wp-content\/uploads\/2020\/11\/cokol1.png\"},{\"@type\":\"WebPage\",\"@id\":\"https:\/\/cremering.pl\/?page_id=293#webpage\",\"url\":\"https:\/\/cremering.pl\/?page_id=293\",\"name\":\"Coko\\u0142y na urny - Krematorium\",\"isPartOf\":{\"@id\":\"https:\/\/cremering.pl\/#website\"},\"primaryImageOfPage\":{\"@id\":\"https:\/\/cremering.pl\/?page_id=293#primaryimage\"},\"datePublished\":\"2020-11-05T10:00:30+00:00\",\"dateModified\":\"2020-11-05T10:20:21+00:00\",\"inLanguage\":\"pl-PL\",\"potentialAction\":[{\"@type\":\"ReadAction\",\"target\":[\"https:\/\/cremering.pl\/?page_id=293\"]}]}]}<\/script>\n<!-- \/ Yoast SEO plugin. -->","_links":{"self":[{"href":"https:\/\/cremering.pl\/index.php?rest_route=\/wp\/v2\/pages\/293"}],"collection":[{"href":"https:\/\/cremering.pl\/index.php?rest_route=\/wp\/v2\/pages"}],"about":[{"href":"https:\/\/cremering.pl\/index.php?rest_route=\/wp\/v2\/types\/page"}],"author":[{"embeddable":true,"href":"https:\/\/cremering.pl\/index.php?rest_route=\/wp\/v2\/users\/1"}],"replies":[{"embeddable":true,"href":"https:\/\/cremering.pl\/index.php?rest_route=%2Fwp%2Fv2%2Fcomments&post=293"}],"version-history":[{"count":12,"href":"https:\/\/cremering.pl\/index.php?rest_route=\/wp\/v2\/pages\/293\/revisions"}],"predecessor-version":[{"id":312,"href":"https:\/\/cremering.pl\/index.php?rest_route=\/wp\/v2\/pages\/293\/revisions\/312"}],"wp:attachment":[{"href":"https:\/\/cremering.pl\/index.php?rest_route=%2Fwp%2Fv2%2Fmedia&parent=293"}],"curies":[{"name":"wp","href":"https:\/\/api.w.org\/{rel}","templated":true}]}}