{"id":268,"date":"2020-11-05T10:14:18","date_gmt":"2020-11-05T09:14:18","guid":{"rendered":"http:\/\/cremering.eu\/?page_id=268"},"modified":"2020-11-14T13:24:54","modified_gmt":"2020-11-14T12:24:54","slug":"kremacja","status":"publish","type":"page","link":"https:\/\/cremering.pl\/?page_id=268","title":{"rendered":"Kremacja"},"content":{"rendered":"\n<h2 class=\"wp-block-heading\">Oferta kremacji<\/h2>\n\n\n\n<div class=\"wp-block-media-text alignwide is-stacked-on-mobile is-vertically-aligned-top\" style=\"grid-template-columns:15% auto\"><figure class=\"wp-block-media-text__media\"><img loading=\"lazy\" decoding=\"async\" width=\"230\" height=\"230\" src=\"http:\/\/cremering.eu\/wp-content\/uploads\/2020\/11\/kremacja-uroczysta.jpg\" alt=\"\" class=\"wp-image-280\" srcset=\"https:\/\/cremering.pl\/wp-content\/uploads\/2020\/11\/kremacja-uroczysta.jpg 230w, https:\/\/cremering.pl\/wp-content\/uploads\/2020\/11\/kremacja-uroczysta-150x150.jpg 150w\" sizes=\"(max-width: 230px) 100vw, 230px\" \/><\/figure><div class=\"wp-block-media-text__content\">\n<p class=\"has-medium-font-size\"><strong>Kremacja:<\/strong><\/p>\n\n\n\n<ol id=\"block-979ae5a7-96d1-4465-b76f-dfe539c3e7f6\"><li>Kremacja osoby zmar\u0142ej.<\/li><li>Kremacja z ekshumacji do 20 lat.<\/li><li>Kremacja z ekshumacji powy\u017cej 20 lat.<\/li><li>Kremacja osoby zmar\u0142ej do lat 5.<\/li><li>Usuni\u0119cie rozrusznika osoby zmar\u0142ej.<\/li><li>Sprzeda\u017c akcesori\u00f3w zwi\u0105zanych z przeprowadzeniem kremacji osoby zmar\u0142ej:<br>a) urny<br>b) kryszta\u0142y pami\u0119ci<br>c) bi\u017cuteria z odciskiem palca<\/li><\/ol>\n<\/div><\/div>\n\n\n\n<p><\/p>\n\n\n\n<p class=\"has-medium-font-size\"><strong>Kremacja uroczysta<\/strong>:<\/p>\n\n\n\n<ol><li>Kremacja osoby zmar\u0142ej.<\/li><li>Kremacja z ekshumacji do 20 lat.<\/li><li>Kremacja z ekshumacji powy\u017cej 20 lat.<\/li><li>Kremacja osoby zmar\u0142ej do lat 5.<\/li><li>Usuni\u0119cie rozrusznika osoby zmar\u0142ej.<\/li><li>Odprawianie mszy w Sali Ceremonialnej (z ksi\u0119dzem lub mistrzem ceremonii).<\/li><li>Wynajem Sali Ceremonialnej do odprawienia mszy \/ przeprowadzenia po\u017cegnania osoby zmar\u0142ej.<\/li><li>Sala Ceremonialna posiada organy ko\u015bcielne Orla Classical 88 Piano\/Organ. Kontakt w sprawie organisty Pani Ewa Kosek tel. +48 661 139 933.<\/li><li>Sprzeda\u017c akcesori\u00f3w zwi\u0105zanych z przeprowadzeniem kremacji osoby zmar\u0142ej:<br>a) urny<br>b) tabliczki urnowe<br>c) kryszta\u0142y pami\u0119ci<br>d) bi\u017cuteria z odciskiem palca.<\/li><li>Pokaz audiowizualny zdj\u0119\u0107 osoby zmar\u0142ej.<\/li><li>Przechowywanie cia\u0142a w ch\u0142odni.<\/li><li>Wykonanie tabliczki na urn\u0119 &#8211; stosujemy metod\u0119 druku sublimacyjnego. Zam\u00f3wienie z tre\u015bci\u0105 napisu nale\u017cy z\u0142o\u017cy\u0107 1 dzie\u0144 wcze\u015bniej przed kremacj\u0105.<\/li><li>Kwiaty &#8211; zam\u00f3wienie nale\u017cy sk\u0142ada\u0107 1 dzie\u0144 wcze\u015bniej u obs\u0142ugi Krematorium.<\/li><li>W przypadku zlecenia przez zak\u0142ad us\u0142ugi zwi\u0105zanej z wypo\u017cyczeniem sali:<br>a) z ksi\u0119dzem i organist\u0105 &#8211; rodzina rozlicza si\u0119 bezpo\u015brednio przed uroczysto\u015bci\u0105 w zakrystii<br>b) za korzystanie z sal p\u0142aci rodzina przed lub po zako\u0144czeniu uroczysto\u015bci w kasie firmy Cremering<br>c) powy\u017csze pkt-y nie obowi\u0105zuj\u0105, je\u015bli zak\u0142ad zlecaj\u0105cy us\u0142ug\u0119 na zleceniu kremacji wyra\u017anie zaznaczy, \u017ce zak\u0142ad pokrywa wszystkie koszty zwi\u0105zane z kremacj\u0105 i wynaj\u0119ciem sal i zorganizowaniem<br>obs\u0142ugi kap\u0142a\u0144skiej czy mistrza ceremonii.<\/li><\/ol>\n\n\n\n<p><\/p>\n\n\n\n<p class=\"has-normal-font-size\"><strong>Proponowany przebieg uroczysto\u015bci:<\/strong><\/p>\n\n\n\n<ol><li>Po\u017cegnanie w Sali Ceremonialnej z udzia\u0142em duszpasterza &#8211; do 40 min.<\/li><li>Po\u017cegnanie w Sali Ceremonialnej bez udzia\u0142u duszpasterza &#8211; do 30 min.<\/li><li>Udzia\u0142 we wprowadzaniu cia\u0142a do pieca w sali z oknem &#8211; do 15 min.<\/li><li>Czuwanie w Sali Po\u017cegna\u0144 (prosimy o informacj\u0119 najlepiej dzie\u0144 przed kremacj\u0105) &#8211; czas nieograniczony.<\/li><li>Pocz\u0119stunek w oczekiwaniu na odbi\u00f3r urny w kawiarni. W przypadku stypy kontakt z pani\u0105 Ew\u0105 Kosek tel. +48 661 139 933.<\/li><\/ol>\n\n\n\n<p>Propozycj\u0119 prosimy zaznaczy\u0107 w zezwoleniu na kremacje. Informacja o tym odpowiednio wcze\u015bniej u\u0142atwi Pa\u0144stwu i nam prawid\u0142owy przebieg uroczysto\u015bci.<\/p>\n\n\n\n<p>Wszelkie zmiany do wcze\u015bniejszej rezerwacji i przes\u0142anego zezwolenia na kremacje prosimy przesy\u0142a\u0107 na nasz nr faksu +48 76 831 51 38 za po\u015brednictwem firmy obs\u0142uguj\u0105cej pogrzeb.<\/p>\n\n\n\n<p>W przypadku wybrania kremacji wraz z uroczysto\u015bci\u0105 po\u017cegnania w wariancie od 1 do 3 rodzina osoby zmar\u0142ej powinna pojawi\u0107 si\u0119 odpowiednio wcze\u015bniej o czas podany przy wariancie uroczysto\u015bci (od 15 do 60 min. wcze\u015bniej)<\/p>\n","protected":false},"excerpt":{"rendered":"<p>Oferta kremacji Kremacja: Kremacja osoby zmar\u0142ej. Kremacja z ekshumacji do 20 lat. Kremacja z ekshumacji powy\u017cej 20 lat. Kremacja osoby zmar\u0142ej do lat 5. Usuni\u0119cie rozrusznika osoby zmar\u0142ej. Sprzeda\u017c akcesori\u00f3w zwi\u0105zanych z przeprowadzeniem kremacji osoby zmar\u0142ej:a) urnyb) kryszta\u0142y pami\u0119cic) bi\u017cuteria z odciskiem palca Kremacja uroczysta: Kremacja osoby zmar\u0142ej. Kremacja z ekshumacji do 20 lat. Kremacja [&hellip;]<\/p>\n","protected":false},"author":1,"featured_media":0,"parent":0,"menu_order":0,"comment_status":"closed","ping_status":"closed","template":"","meta":{"sfsi_plus_gutenberg_text_before_share":"","sfsi_plus_gutenberg_show_text_before_share":"","sfsi_plus_gutenberg_icon_type":"","sfsi_plus_gutenberg_icon_alignemt":"","sfsi_plus_gutenburg_max_per_row":"","footnotes":""},"yoast_head":"<!-- This site is optimized with the Yoast SEO plugin v15.7 - https:\/\/yoast.com\/wordpress\/plugins\/seo\/ -->\n<title>Kremacja - Krematorium<\/title>\n<meta name=\"robots\" content=\"index, follow, max-snippet:-1, max-image-preview:large, max-video-preview:-1\" \/>\n<link rel=\"canonical\" href=\"https:\/\/cremering.pl\/?page_id=268\" \/>\n<meta property=\"og:locale\" content=\"pl_PL\" \/>\n<meta property=\"og:type\" content=\"article\" \/>\n<meta property=\"og:title\" content=\"Kremacja - Krematorium\" \/>\n<meta property=\"og:description\" content=\"Oferta kremacji Kremacja: Kremacja osoby zmar\u0142ej. Kremacja z ekshumacji do 20 lat. Kremacja z ekshumacji powy\u017cej 20 lat. Kremacja osoby zmar\u0142ej do lat 5. Usuni\u0119cie rozrusznika osoby zmar\u0142ej. Sprzeda\u017c akcesori\u00f3w zwi\u0105zanych z przeprowadzeniem kremacji osoby zmar\u0142ej:a) urnyb) kryszta\u0142y pami\u0119cic) bi\u017cuteria z odciskiem palca Kremacja uroczysta: Kremacja osoby zmar\u0142ej. Kremacja z ekshumacji do 20 lat. Kremacja [&hellip;]\" \/>\n<meta property=\"og:url\" content=\"https:\/\/cremering.pl\/?page_id=268\" \/>\n<meta property=\"og:site_name\" content=\"Krematorium\" \/>\n<meta property=\"article:modified_time\" content=\"2020-11-14T12:24:54+00:00\" \/>\n<meta property=\"og:image\" content=\"http:\/\/cremering.eu\/wp-content\/uploads\/2020\/11\/kremacja-uroczysta.jpg\" \/>\n<meta name=\"twitter:card\" content=\"summary_large_image\" \/>\n<meta name=\"twitter:label1\" content=\"Est. reading time\">\n\t<meta name=\"twitter:data1\" content=\"2 minuty\">\n<script type=\"application\/ld+json\" class=\"yoast-schema-graph\">{\"@context\":\"https:\/\/schema.org\",\"@graph\":[{\"@type\":\"WebSite\",\"@id\":\"https:\/\/cremering.pl\/#website\",\"url\":\"https:\/\/cremering.pl\/\",\"name\":\"Krematorium\",\"description\":\"w G\\u0142ogowie\",\"potentialAction\":[{\"@type\":\"SearchAction\",\"target\":\"https:\/\/cremering.pl\/?s={search_term_string}\",\"query-input\":\"required name=search_term_string\"}],\"inLanguage\":\"pl-PL\"},{\"@type\":\"ImageObject\",\"@id\":\"https:\/\/cremering.pl\/?page_id=268#primaryimage\",\"inLanguage\":\"pl-PL\",\"url\":\"http:\/\/cremering.eu\/wp-content\/uploads\/2020\/11\/kremacja-uroczysta.jpg\"},{\"@type\":\"WebPage\",\"@id\":\"https:\/\/cremering.pl\/?page_id=268#webpage\",\"url\":\"https:\/\/cremering.pl\/?page_id=268\",\"name\":\"Kremacja - Krematorium\",\"isPartOf\":{\"@id\":\"https:\/\/cremering.pl\/#website\"},\"primaryImageOfPage\":{\"@id\":\"https:\/\/cremering.pl\/?page_id=268#primaryimage\"},\"datePublished\":\"2020-11-05T09:14:18+00:00\",\"dateModified\":\"2020-11-14T12:24:54+00:00\",\"inLanguage\":\"pl-PL\",\"potentialAction\":[{\"@type\":\"ReadAction\",\"target\":[\"https:\/\/cremering.pl\/?page_id=268\"]}]}]}<\/script>\n<!-- \/ Yoast SEO plugin. -->","_links":{"self":[{"href":"https:\/\/cremering.pl\/index.php?rest_route=\/wp\/v2\/pages\/268"}],"collection":[{"href":"https:\/\/cremering.pl\/index.php?rest_route=\/wp\/v2\/pages"}],"about":[{"href":"https:\/\/cremering.pl\/index.php?rest_route=\/wp\/v2\/types\/page"}],"author":[{"embeddable":true,"href":"https:\/\/cremering.pl\/index.php?rest_route=\/wp\/v2\/users\/1"}],"replies":[{"embeddable":true,"href":"https:\/\/cremering.pl\/index.php?rest_route=%2Fwp%2Fv2%2Fcomments&post=268"}],"version-history":[{"count":6,"href":"https:\/\/cremering.pl\/index.php?rest_route=\/wp\/v2\/pages\/268\/revisions"}],"predecessor-version":[{"id":901,"href":"https:\/\/cremering.pl\/index.php?rest_route=\/wp\/v2\/pages\/268\/revisions\/901"}],"wp:attachment":[{"href":"https:\/\/cremering.pl\/index.php?rest_route=%2Fwp%2Fv2%2Fmedia&parent=268"}],"curies":[{"name":"wp","href":"https:\/\/api.w.org\/{rel}","templated":true}]}}